{"id":148,"date":"2020-11-11T16:34:05","date_gmt":"2020-11-11T16:34:05","guid":{"rendered":"http:\/\/wordpress.blickdesign-eckmann.de\/?page_id=148"},"modified":"2022-03-30T10:58:18","modified_gmt":"2022-03-30T10:58:18","slug":"kontakt","status":"publish","type":"page","link":"https:\/\/blickdesign-eckmann.de\/?page_id=148","title":{"rendered":"Kontakt"},"content":{"rendered":"\t\t<div data-elementor-type=\"wp-page\" data-elementor-id=\"148\" class=\"elementor elementor-148\">\n\t\t\t\t\t\t<div class=\"elementor-inner\">\n\t\t\t\t<div class=\"elementor-section-wrap\">\n\t\t\t\t\t\t\t\t\t<section class=\"elementor-section elementor-top-section elementor-element elementor-element-e80e3ac elementor-section-boxed elementor-section-height-default elementor-section-height-default\" data-id=\"e80e3ac\" data-element_type=\"section\">\n\t\t\t\t\t\t<div class=\"elementor-container elementor-column-gap-default\">\n\t\t\t\t\t\t\t<div class=\"elementor-row\">\n\t\t\t\t\t<div class=\"elementor-column elementor-col-100 elementor-top-column elementor-element elementor-element-b406e1c\" data-id=\"b406e1c\" data-element_type=\"column\">\n\t\t\t<div class=\"elementor-column-wrap elementor-element-populated\">\n\t\t\t\t\t\t\t<div class=\"elementor-widget-wrap\">\n\t\t\t\t\t\t<section class=\"elementor-section elementor-inner-section elementor-element elementor-element-efc5b0b elementor-section-full_width elementor-section-height-min-height elementor-section-height-default\" data-id=\"efc5b0b\" data-element_type=\"section\">\n\t\t\t\t\t\t<div class=\"elementor-container elementor-column-gap-wide\">\n\t\t\t\t\t\t\t<div class=\"elementor-row\">\n\t\t\t\t\t<div class=\"elementor-column elementor-col-50 elementor-inner-column elementor-element elementor-element-5aa21d3\" data-id=\"5aa21d3\" data-element_type=\"column\">\n\t\t\t<div class=\"elementor-column-wrap elementor-element-populated\">\n\t\t\t\t\t\t\t<div class=\"elementor-widget-wrap\">\n\t\t\t\t\t\t<div class=\"elementor-element elementor-element-d00448c elementor-widget elementor-widget-text-editor\" data-id=\"d00448c\" data-element_type=\"widget\" data-widget_type=\"text-editor.default\">\n\t\t\t\t<div class=\"elementor-widget-container\">\n\t\t\t\t\t\t\t\t<div class=\"elementor-text-editor elementor-clearfix\">\n\t\t\t\t<p>Gerhard Eckmann\u00a0\u00a0<\/p><p>Bahnhofstr.12<br \/>D-94118 Jandelsbrunn<\/p><p>Tel.: +49 (0) 8583 &#8211; 9796260<\/p><p>E-Mail: <a href=\"mailto:info@blickdesign-eckmann.de\">info(et)blickdesign-eckmann.de<\/a><\/p><p>Steuernr. 157\/213\/40020<\/p><p>Finanzamt Grafenau\u00a0<\/p><p>Druckfehler, sowie \u00c4nderungen vorbehalten. Alle Abbildungen sind Referenzbilder.<\/p><p>Alle Angaben und Inhalte sind mit der gr\u00f6\u00dftm\u00f6glichen Sorgfalt erstellt worden. <br \/>Sollte es Grund zu Beanstandungen geben, bitte ich immer erst ein kl\u00e4rendes <br \/>Gespr\u00e4ch \/ E &#8211; Mail mit mir zu f\u00fchren, eine einvernehmliche L\u00f6sung zu finden.<\/p><p>Ich beanspruche alle geltenden Schutzrechte <br \/>( EU -Geschmacksmusterschutz, Markengesetz )<br \/>f\u00fcr mein Logo, Slogan, sowie Produkte, Bilder, Videos und Arbeiten. <br \/>Vervielf\u00e4ltigung und Kopie ohne meine schriftliche Zustimmung ist untersagt. <br \/>Fehler und Druckfehler vorbehalten<\/p><p>Hinweis:<\/p><p>Meine Email Adresse wurde von Unbekannten genutzt, um gef\u00e4lschte Email in Umlauf zu bringen. <u>Sollten Sie Opfer einer solchem Email geworden sein so L\u00d6SCHEN Sie diese SOFORT und UNGE\u00d6FFNET.<\/u><\/p>\t\t\t\t\t<\/div>\n\t\t\t\t\t\t<\/div>\n\t\t\t\t<\/div>\n\t\t\t\t\t\t<\/div>\n\t\t\t\t\t<\/div>\n\t\t<\/div>\n\t\t\t\t<div class=\"elementor-column elementor-col-50 elementor-inner-column elementor-element elementor-element-1fff8e8\" data-id=\"1fff8e8\" data-element_type=\"column\">\n\t\t\t<div class=\"elementor-column-wrap elementor-element-populated\">\n\t\t\t\t\t\t\t<div class=\"elementor-widget-wrap\">\n\t\t\t\t\t\t<div class=\"elementor-element elementor-element-9fe1afc elementor-widget elementor-widget-image\" data-id=\"9fe1afc\" data-element_type=\"widget\" data-widget_type=\"image.default\">\n\t\t\t\t<div class=\"elementor-widget-container\">\n\t\t\t\t\t\t\t\t<div class=\"elementor-image\">\n\t\t\t\t\t\t\t\t\t\t\t\t<img width=\"600\" height=\"800\" src=\"https:\/\/blickdesign-eckmann.de\/wp-content\/uploads\/2020\/11\/Shanghai.jpg\" class=\"attachment-large size-large wp-image-153\" alt=\"\" loading=\"lazy\" srcset=\"https:\/\/blickdesign-eckmann.de\/wp-content\/uploads\/2020\/11\/Shanghai.jpg 600w, https:\/\/blickdesign-eckmann.de\/wp-content\/uploads\/2020\/11\/Shanghai-225x300.jpg 225w\" sizes=\"(max-width: 600px) 100vw, 600px\" \/>\t\t\t\t\t\t\t\t\t\t\t\t\t\t<\/div>\n\t\t\t\t\t\t<\/div>\n\t\t\t\t<\/div>\n\t\t\t\t\t\t<\/div>\n\t\t\t\t\t<\/div>\n\t\t<\/div>\n\t\t\t\t\t\t\t\t<\/div>\n\t\t\t\t\t<\/div>\n\t\t<\/section>\n\t\t\t\t\t\t<\/div>\n\t\t\t\t\t<\/div>\n\t\t<\/div>\n\t\t\t\t\t\t\t\t<\/div>\n\t\t\t\t\t<\/div>\n\t\t<\/section>\n\t\t\t\t\t\t\t\t\t<\/div>\n\t\t\t<\/div>\n\t\t\t\t\t<\/div>\n\t\t","protected":false},"excerpt":{"rendered":"<p>Gerhard Eckmann\u00a0\u00a0 Bahnhofstr.12D-94118 Jandelsbrunn Tel.: +49 (0) 8583 &#8211; 9796260 E-Mail: info(et)blickdesign-eckmann.de Steuernr. 157\/213\/40020 Finanzamt Grafenau\u00a0 Druckfehler, sowie \u00c4nderungen vorbehalten. Alle Abbildungen sind Referenzbilder. Alle Angaben und Inhalte sind mit der gr\u00f6\u00dftm\u00f6glichen Sorgfalt erstellt worden. Sollte es Grund zu Beanstandungen geben, bitte ich immer erst ein kl\u00e4rendes Gespr\u00e4ch \/ E &#8211; Mail mit mir zu [&hellip;]<\/p>\n","protected":false},"author":1,"featured_media":0,"parent":0,"menu_order":0,"comment_status":"closed","ping_status":"closed","template":"","meta":[],"_links":{"self":[{"href":"https:\/\/blickdesign-eckmann.de\/index.php?rest_route=\/wp\/v2\/pages\/148"}],"collection":[{"href":"https:\/\/blickdesign-eckmann.de\/index.php?rest_route=\/wp\/v2\/pages"}],"about":[{"href":"https:\/\/blickdesign-eckmann.de\/index.php?rest_route=\/wp\/v2\/types\/page"}],"author":[{"embeddable":true,"href":"https:\/\/blickdesign-eckmann.de\/index.php?rest_route=\/wp\/v2\/users\/1"}],"replies":[{"embeddable":true,"href":"https:\/\/blickdesign-eckmann.de\/index.php?rest_route=%2Fwp%2Fv2%2Fcomments&post=148"}],"version-history":[{"count":34,"href":"https:\/\/blickdesign-eckmann.de\/index.php?rest_route=\/wp\/v2\/pages\/148\/revisions"}],"predecessor-version":[{"id":1088,"href":"https:\/\/blickdesign-eckmann.de\/index.php?rest_route=\/wp\/v2\/pages\/148\/revisions\/1088"}],"wp:attachment":[{"href":"https:\/\/blickdesign-eckmann.de\/index.php?rest_route=%2Fwp%2Fv2%2Fmedia&parent=148"}],"curies":[{"name":"wp","href":"https:\/\/api.w.org\/{rel}","templated":true}]}}