{"id":339,"date":"2020-11-13T13:09:20","date_gmt":"2020-11-13T13:09:20","guid":{"rendered":"http:\/\/wordpress.blickdesign-eckmann.de\/?page_id=339"},"modified":"2022-05-08T13:29:34","modified_gmt":"2022-05-08T13:29:34","slug":"zauberwelten-natuerlich-anders","status":"publish","type":"page","link":"https:\/\/blickdesign-eckmann.de\/?page_id=339","title":{"rendered":"Zauberwelten Nat\u00fcrlich Anders"},"content":{"rendered":"\t\t<div data-elementor-type=\"wp-page\" data-elementor-id=\"339\" class=\"elementor elementor-339\">\n\t\t\t\t\t\t<div class=\"elementor-inner\">\n\t\t\t\t<div class=\"elementor-section-wrap\">\n\t\t\t\t\t\t\t\t\t<section class=\"elementor-section elementor-top-section elementor-element elementor-element-611710d elementor-section-boxed elementor-section-height-default elementor-section-height-default\" data-id=\"611710d\" data-element_type=\"section\">\n\t\t\t\t\t\t<div class=\"elementor-container elementor-column-gap-default\">\n\t\t\t\t\t\t\t<div class=\"elementor-row\">\n\t\t\t\t\t<div class=\"elementor-column elementor-col-100 elementor-top-column elementor-element elementor-element-be39d75\" data-id=\"be39d75\" data-element_type=\"column\">\n\t\t\t<div class=\"elementor-column-wrap elementor-element-populated\">\n\t\t\t\t\t\t\t<div class=\"elementor-widget-wrap\">\n\t\t\t\t\t\t<div class=\"elementor-element elementor-element-edb0763 elementor-widget elementor-widget-image\" data-id=\"edb0763\" data-element_type=\"widget\" data-widget_type=\"image.default\">\n\t\t\t\t<div class=\"elementor-widget-container\">\n\t\t\t\t\t\t\t\t<div class=\"elementor-image\">\n\t\t\t\t\t\t\t\t\t\t\t\t<img width=\"1024\" height=\"494\" src=\"https:\/\/blickdesign-eckmann.de\/wp-content\/uploads\/2020\/11\/Buch_Umschlag-1024x494.jpg\" class=\"attachment-large size-large wp-image-474\" alt=\"\" loading=\"lazy\" srcset=\"https:\/\/blickdesign-eckmann.de\/wp-content\/uploads\/2020\/11\/Buch_Umschlag-1024x494.jpg 1024w, https:\/\/blickdesign-eckmann.de\/wp-content\/uploads\/2020\/11\/Buch_Umschlag-300x145.jpg 300w, https:\/\/blickdesign-eckmann.de\/wp-content\/uploads\/2020\/11\/Buch_Umschlag-768x370.jpg 768w, https:\/\/blickdesign-eckmann.de\/wp-content\/uploads\/2020\/11\/Buch_Umschlag-1536x741.jpg 1536w, https:\/\/blickdesign-eckmann.de\/wp-content\/uploads\/2020\/11\/Buch_Umschlag-2048x988.jpg 2048w\" sizes=\"(max-width: 1024px) 100vw, 1024px\" \/>\t\t\t\t\t\t\t\t\t\t\t\t\t\t<\/div>\n\t\t\t\t\t\t<\/div>\n\t\t\t\t<\/div>\n\t\t\t\t\t\t<\/div>\n\t\t\t\t\t<\/div>\n\t\t<\/div>\n\t\t\t\t\t\t\t\t<\/div>\n\t\t\t\t\t<\/div>\n\t\t<\/section>\n\t\t\t\t<section class=\"elementor-section elementor-top-section elementor-element elementor-element-5c11fcf elementor-section-boxed elementor-section-height-default elementor-section-height-default\" data-id=\"5c11fcf\" data-element_type=\"section\">\n\t\t\t\t\t\t<div class=\"elementor-container elementor-column-gap-default\">\n\t\t\t\t\t\t\t<div class=\"elementor-row\">\n\t\t\t\t\t<div class=\"elementor-column elementor-col-100 elementor-top-column elementor-element elementor-element-c06b06c\" data-id=\"c06b06c\" data-element_type=\"column\">\n\t\t\t<div class=\"elementor-column-wrap elementor-element-populated\">\n\t\t\t\t\t\t\t<div class=\"elementor-widget-wrap\">\n\t\t\t\t\t\t<div class=\"elementor-element elementor-element-e86499c elementor-widget elementor-widget-image\" data-id=\"e86499c\" data-element_type=\"widget\" data-widget_type=\"image.default\">\n\t\t\t\t<div class=\"elementor-widget-container\">\n\t\t\t\t\t\t\t\t<div class=\"elementor-image\">\n\t\t\t\t\t\t\t\t\t\t\t\t<img width=\"1024\" height=\"749\" src=\"https:\/\/blickdesign-eckmann.de\/wp-content\/uploads\/2020\/11\/Inhalt-1024x749.jpg\" class=\"attachment-large size-large wp-image-481\" alt=\"\" loading=\"lazy\" srcset=\"https:\/\/blickdesign-eckmann.de\/wp-content\/uploads\/2020\/11\/Inhalt-1024x749.jpg 1024w, https:\/\/blickdesign-eckmann.de\/wp-content\/uploads\/2020\/11\/Inhalt-300x220.jpg 300w, https:\/\/blickdesign-eckmann.de\/wp-content\/uploads\/2020\/11\/Inhalt-768x562.jpg 768w, https:\/\/blickdesign-eckmann.de\/wp-content\/uploads\/2020\/11\/Inhalt-1536x1124.jpg 1536w, https:\/\/blickdesign-eckmann.de\/wp-content\/uploads\/2020\/11\/Inhalt.jpg 1782w\" sizes=\"(max-width: 1024px) 100vw, 1024px\" \/>\t\t\t\t\t\t\t\t\t\t\t\t\t\t<\/div>\n\t\t\t\t\t\t<\/div>\n\t\t\t\t<\/div>\n\t\t\t\t\t\t<\/div>\n\t\t\t\t\t<\/div>\n\t\t<\/div>\n\t\t\t\t\t\t\t\t<\/div>\n\t\t\t\t\t<\/div>\n\t\t<\/section>\n\t\t\t\t<section class=\"elementor-section elementor-top-section elementor-element elementor-element-c419284 elementor-section-boxed elementor-section-height-default elementor-section-height-default\" data-id=\"c419284\" data-element_type=\"section\">\n\t\t\t\t\t\t<div class=\"elementor-container elementor-column-gap-default\">\n\t\t\t\t\t\t\t<div class=\"elementor-row\">\n\t\t\t\t\t<div class=\"elementor-column elementor-col-100 elementor-top-column elementor-element elementor-element-08983eb\" data-id=\"08983eb\" data-element_type=\"column\">\n\t\t\t<div class=\"elementor-column-wrap elementor-element-populated\">\n\t\t\t\t\t\t\t<div class=\"elementor-widget-wrap\">\n\t\t\t\t\t\t<div class=\"elementor-element elementor-element-1212f97 elementor-widget elementor-widget-heading\" data-id=\"1212f97\" data-element_type=\"widget\" data-widget_type=\"heading.default\">\n\t\t\t\t<div class=\"elementor-widget-container\">\n\t\t\t<h2 class=\"elementor-heading-title elementor-size-xl\">Brotzeit f\u00fcr Ihre Seele geht in die n\u00e4chste Runde!<\/h2>\t\t<\/div>\n\t\t\t\t<\/div>\n\t\t\t\t<div class=\"elementor-element elementor-element-63588ec elementor-widget elementor-widget-text-editor\" data-id=\"63588ec\" data-element_type=\"widget\" data-widget_type=\"text-editor.default\">\n\t\t\t\t<div class=\"elementor-widget-container\">\n\t\t\t\t\t\t\t\t<div class=\"elementor-text-editor elementor-clearfix\">\n\t\t\t\t<p>Brotzeit f\u00fcr Ihre Seele, geht schon in die n\u00e4chste Runde. Das Buch: Zauberwelten Nat\u00fcrlich Anders.<\/p><p>ISBN- 978399026315-0<\/p><p>Schon wieder ein neues Buch? B\u00fccher gibt es viele. Hunderte, Tausende, Millionen. B\u00fccher gibt es wie Sand am Meer!<\/p><p>NEIN \u2013 alles falsch! Von den wirklich GUTEN gibt es schon etwas weniger.<\/p><p>\u00a0Es gibt nur EIN -Zauberwelten Nat\u00fcrlich Anders- Buch, das\u00a0 wieder \u201eBrotzeit f\u00fcr Ihre Seele\u201c verspricht.<\/p><p>Auch h\u00e4lt! Das so ganz andere \u00a0Buch, das Sie \u201everzaubern\u201c kann.<\/p><p>Mit unterhaltenden Texten, sagenhaften Bildern, \u00a0die den aufgeschlossenen Leser entf\u00fchren in eine andere Welt der Wissensvermittlung, ganz ohne Staub und Trockenheit.<\/p><p>Es geht auch so ganz andres, <span style=\"text-decoration: underline;\">Zauberwelten Nat\u00fcrlich Anders<\/span>. In der Schweiz, \u00d6sterreich und\u00a0 Deutschland bereits gelistet.<\/p><p>Was Elfi Dall und Gerhard Eckmann in dieser \u00f6sterreichisch &#8211; bayerischen Zusammenarbeit erfolgreich beweisen.<\/p><p>Geschichten die in beiden Naturr\u00e4umen spielen vom Lusen\/Bayern\u00a0 \u00fcber Sch\u00e4rding nach Aschach an der Donau. Die unverwechselbaren Geschichten von Elfi Dall, aus einem unverwechselbarem Gebiet. In Szene gesetzt durch die spezielle Fotografie und ausgefeiltem Bilddesign von Gerhard Eckmann. \u00a0Dessen erstaunliche Betrachtungsweise der Natur Ihnen \u00a0-Brotzeit f\u00fcr Ihre Seele- bietet.\u00a0<\/p><p>Erholsamer, fantasievoller Lesespa\u00df und au\u00dfergew\u00f6hnlicher Augenschmaus? Na klar und wie! Mit frechem Augenzwinkern manch peinliche Hoppala`s im allt\u00e4glichen Miteinander beleuchten.<\/p><p>Auf humorvolle Weise einen fr\u00f6hlichen Denkansatz zum eleganten Vermeiden und kinderleichten L\u00f6sen zu bieten.<\/p><p><span style=\"text-decoration: underline;\">Feiern wir das Leben!<\/span><\/p>\t\t\t\t\t<\/div>\n\t\t\t\t\t\t<\/div>\n\t\t\t\t<\/div>\n\t\t\t\t\t\t<\/div>\n\t\t\t\t\t<\/div>\n\t\t<\/div>\n\t\t\t\t\t\t\t\t<\/div>\n\t\t\t\t\t<\/div>\n\t\t<\/section>\n\t\t\t\t<section class=\"elementor-section elementor-top-section elementor-element elementor-element-94120d3 elementor-section-boxed elementor-section-height-default elementor-section-height-default\" data-id=\"94120d3\" data-element_type=\"section\">\n\t\t\t\t\t\t<div class=\"elementor-container elementor-column-gap-default\">\n\t\t\t\t\t\t\t<div class=\"elementor-row\">\n\t\t\t\t\t<div class=\"elementor-column elementor-col-100 elementor-top-column elementor-element elementor-element-5ad1930\" data-id=\"5ad1930\" data-element_type=\"column\">\n\t\t\t<div class=\"elementor-column-wrap elementor-element-populated\">\n\t\t\t\t\t\t\t<div class=\"elementor-widget-wrap\">\n\t\t\t\t\t\t<div class=\"elementor-element elementor-element-5e9dd8c elementor-widget elementor-widget-image\" data-id=\"5e9dd8c\" data-element_type=\"widget\" data-widget_type=\"image.default\">\n\t\t\t\t<div class=\"elementor-widget-container\">\n\t\t\t\t\t\t\t\t<div class=\"elementor-image\">\n\t\t\t\t\t\t\t\t\t\t\t\t<img width=\"1024\" height=\"1014\" src=\"https:\/\/blickdesign-eckmann.de\/wp-content\/uploads\/2022\/05\/Kolpinghaus-Regensburg-Zauberwelten-1024x1014.jpg\" class=\"attachment-large size-large wp-image-1106\" alt=\"\" loading=\"lazy\" srcset=\"https:\/\/blickdesign-eckmann.de\/wp-content\/uploads\/2022\/05\/Kolpinghaus-Regensburg-Zauberwelten-1024x1014.jpg 1024w, https:\/\/blickdesign-eckmann.de\/wp-content\/uploads\/2022\/05\/Kolpinghaus-Regensburg-Zauberwelten-300x297.jpg 300w, https:\/\/blickdesign-eckmann.de\/wp-content\/uploads\/2022\/05\/Kolpinghaus-Regensburg-Zauberwelten-150x150.jpg 150w, https:\/\/blickdesign-eckmann.de\/wp-content\/uploads\/2022\/05\/Kolpinghaus-Regensburg-Zauberwelten-768x761.jpg 768w, https:\/\/blickdesign-eckmann.de\/wp-content\/uploads\/2022\/05\/Kolpinghaus-Regensburg-Zauberwelten.jpg 1171w\" sizes=\"(max-width: 1024px) 100vw, 1024px\" \/>\t\t\t\t\t\t\t\t\t\t\t\t\t\t<\/div>\n\t\t\t\t\t\t<\/div>\n\t\t\t\t<\/div>\n\t\t\t\t<div class=\"elementor-element elementor-element-677157b elementor-widget elementor-widget-image\" data-id=\"677157b\" data-element_type=\"widget\" data-widget_type=\"image.default\">\n\t\t\t\t<div class=\"elementor-widget-container\">\n\t\t\t\t\t\t\t\t<div class=\"elementor-image\">\n\t\t\t\t\t\t\t\t\t\t\t\t<img src=\"http:\/\/wordpress.blickdesign-eckmann.de\/wp-content\/uploads\/2020\/11\/Fuellbild5_Buch.jpg\" title=\"\" alt=\"\" \/>\t\t\t\t\t\t\t\t\t\t\t\t\t\t<\/div>\n\t\t\t\t\t\t<\/div>\n\t\t\t\t<\/div>\n\t\t\t\t\t\t<\/div>\n\t\t\t\t\t<\/div>\n\t\t<\/div>\n\t\t\t\t\t\t\t\t<\/div>\n\t\t\t\t\t<\/div>\n\t\t<\/section>\n\t\t\t\t<section class=\"elementor-section elementor-top-section elementor-element elementor-element-acbaf48 elementor-section-boxed elementor-section-height-default elementor-section-height-default\" data-id=\"acbaf48\" data-element_type=\"section\">\n\t\t\t\t\t\t<div class=\"elementor-container elementor-column-gap-default\">\n\t\t\t\t\t\t\t<div class=\"elementor-row\">\n\t\t\t\t\t<div class=\"elementor-column elementor-col-100 elementor-top-column elementor-element elementor-element-19038fd\" data-id=\"19038fd\" data-element_type=\"column\">\n\t\t\t<div class=\"elementor-column-wrap elementor-element-populated\">\n\t\t\t\t\t\t\t<div class=\"elementor-widget-wrap\">\n\t\t\t\t\t\t<div class=\"elementor-element elementor-element-b5da1b4 elementor-widget elementor-widget-image\" data-id=\"b5da1b4\" data-element_type=\"widget\" data-widget_type=\"image.default\">\n\t\t\t\t<div class=\"elementor-widget-container\">\n\t\t\t\t\t\t\t\t<div class=\"elementor-image\">\n\t\t\t\t\t\t\t\t\t\t\t\t<img width=\"1024\" height=\"1024\" src=\"https:\/\/blickdesign-eckmann.de\/wp-content\/uploads\/2020\/11\/Blaetter_Buch-1024x1024.jpg\" class=\"attachment-large size-large wp-image-503\" alt=\"\" loading=\"lazy\" srcset=\"https:\/\/blickdesign-eckmann.de\/wp-content\/uploads\/2020\/11\/Blaetter_Buch-1024x1024.jpg 1024w, https:\/\/blickdesign-eckmann.de\/wp-content\/uploads\/2020\/11\/Blaetter_Buch-300x300.jpg 300w, https:\/\/blickdesign-eckmann.de\/wp-content\/uploads\/2020\/11\/Blaetter_Buch-150x150.jpg 150w, https:\/\/blickdesign-eckmann.de\/wp-content\/uploads\/2020\/11\/Blaetter_Buch-768x768.jpg 768w, https:\/\/blickdesign-eckmann.de\/wp-content\/uploads\/2020\/11\/Blaetter_Buch.jpg 1535w\" sizes=\"(max-width: 1024px) 100vw, 1024px\" \/>\t\t\t\t\t\t\t\t\t\t\t\t\t\t<\/div>\n\t\t\t\t\t\t<\/div>\n\t\t\t\t<\/div>\n\t\t\t\t\t\t<\/div>\n\t\t\t\t\t<\/div>\n\t\t<\/div>\n\t\t\t\t\t\t\t\t<\/div>\n\t\t\t\t\t<\/div>\n\t\t<\/section>\n\t\t\t\t<section class=\"elementor-section elementor-top-section elementor-element elementor-element-8ad4c4c elementor-section-boxed elementor-section-height-default elementor-section-height-default\" data-id=\"8ad4c4c\" data-element_type=\"section\">\n\t\t\t\t\t\t<div class=\"elementor-container elementor-column-gap-default\">\n\t\t\t\t\t\t\t<div class=\"elementor-row\">\n\t\t\t\t\t<div class=\"elementor-column elementor-col-100 elementor-top-column elementor-element elementor-element-b3b214f\" data-id=\"b3b214f\" data-element_type=\"column\">\n\t\t\t<div class=\"elementor-column-wrap elementor-element-populated\">\n\t\t\t\t\t\t\t<div class=\"elementor-widget-wrap\">\n\t\t\t\t\t\t<div class=\"elementor-element elementor-element-9d4c747 elementor-widget elementor-widget-image\" data-id=\"9d4c747\" data-element_type=\"widget\" data-widget_type=\"image.default\">\n\t\t\t\t<div class=\"elementor-widget-container\">\n\t\t\t\t\t\t\t\t<div class=\"elementor-image\">\n\t\t\t\t\t\t\t\t\t\t\t\t<img width=\"1024\" height=\"1024\" src=\"https:\/\/blickdesign-eckmann.de\/wp-content\/uploads\/2020\/11\/Fuellfoto6_Buch-1024x1024.jpg\" class=\"attachment-large size-large wp-image-504\" alt=\"\" loading=\"lazy\" srcset=\"https:\/\/blickdesign-eckmann.de\/wp-content\/uploads\/2020\/11\/Fuellfoto6_Buch-1024x1024.jpg 1024w, https:\/\/blickdesign-eckmann.de\/wp-content\/uploads\/2020\/11\/Fuellfoto6_Buch-300x300.jpg 300w, https:\/\/blickdesign-eckmann.de\/wp-content\/uploads\/2020\/11\/Fuellfoto6_Buch-150x150.jpg 150w, https:\/\/blickdesign-eckmann.de\/wp-content\/uploads\/2020\/11\/Fuellfoto6_Buch-768x768.jpg 768w, https:\/\/blickdesign-eckmann.de\/wp-content\/uploads\/2020\/11\/Fuellfoto6_Buch.jpg 1535w\" sizes=\"(max-width: 1024px) 100vw, 1024px\" \/>\t\t\t\t\t\t\t\t\t\t\t\t\t\t<\/div>\n\t\t\t\t\t\t<\/div>\n\t\t\t\t<\/div>\n\t\t\t\t\t\t<\/div>\n\t\t\t\t\t<\/div>\n\t\t<\/div>\n\t\t\t\t\t\t\t\t<\/div>\n\t\t\t\t\t<\/div>\n\t\t<\/section>\n\t\t\t\t<section class=\"elementor-section elementor-top-section elementor-element elementor-element-c4487bc elementor-section-boxed elementor-section-height-default elementor-section-height-default\" data-id=\"c4487bc\" data-element_type=\"section\">\n\t\t\t\t\t\t<div class=\"elementor-container elementor-column-gap-default\">\n\t\t\t\t\t\t\t<div class=\"elementor-row\">\n\t\t\t\t\t<div class=\"elementor-column elementor-col-100 elementor-top-column elementor-element elementor-element-4cda602\" data-id=\"4cda602\" data-element_type=\"column\">\n\t\t\t<div class=\"elementor-column-wrap elementor-element-populated\">\n\t\t\t\t\t\t\t<div class=\"elementor-widget-wrap\">\n\t\t\t\t\t\t<div class=\"elementor-element elementor-element-2a25476 elementor-widget elementor-widget-image\" data-id=\"2a25476\" data-element_type=\"widget\" data-widget_type=\"image.default\">\n\t\t\t\t<div class=\"elementor-widget-container\">\n\t\t\t\t\t\t\t\t<div class=\"elementor-image\">\n\t\t\t\t\t\t\t\t\t\t\t\t<img width=\"1024\" height=\"1024\" src=\"https:\/\/blickdesign-eckmann.de\/wp-content\/uploads\/2020\/11\/KleinsWasser_Buch1_0-1-1024x1024.jpg\" class=\"attachment-large size-large wp-image-505\" alt=\"\" loading=\"lazy\" srcset=\"https:\/\/blickdesign-eckmann.de\/wp-content\/uploads\/2020\/11\/KleinsWasser_Buch1_0-1-1024x1024.jpg 1024w, https:\/\/blickdesign-eckmann.de\/wp-content\/uploads\/2020\/11\/KleinsWasser_Buch1_0-1-300x300.jpg 300w, https:\/\/blickdesign-eckmann.de\/wp-content\/uploads\/2020\/11\/KleinsWasser_Buch1_0-1-150x150.jpg 150w, https:\/\/blickdesign-eckmann.de\/wp-content\/uploads\/2020\/11\/KleinsWasser_Buch1_0-1-768x768.jpg 768w, https:\/\/blickdesign-eckmann.de\/wp-content\/uploads\/2020\/11\/KleinsWasser_Buch1_0-1.jpg 1535w\" sizes=\"(max-width: 1024px) 100vw, 1024px\" \/>\t\t\t\t\t\t\t\t\t\t\t\t\t\t<\/div>\n\t\t\t\t\t\t<\/div>\n\t\t\t\t<\/div>\n\t\t\t\t\t\t<\/div>\n\t\t\t\t\t<\/div>\n\t\t<\/div>\n\t\t\t\t\t\t\t\t<\/div>\n\t\t\t\t\t<\/div>\n\t\t<\/section>\n\t\t\t\t\t\t\t\t\t<\/div>\n\t\t\t<\/div>\n\t\t\t\t\t<\/div>\n\t\t","protected":false},"excerpt":{"rendered":"<p>Brotzeit f\u00fcr Ihre Seele geht in die n\u00e4chste Runde! Brotzeit f\u00fcr Ihre Seele, geht schon in die n\u00e4chste Runde. Das Buch: Zauberwelten Nat\u00fcrlich Anders. ISBN- 978399026315-0 Schon wieder ein neues Buch? B\u00fccher gibt es viele. Hunderte, Tausende, Millionen. B\u00fccher gibt es wie Sand am Meer! NEIN \u2013 alles falsch! Von den wirklich GUTEN gibt es [&hellip;]<\/p>\n","protected":false},"author":1,"featured_media":0,"parent":0,"menu_order":0,"comment_status":"closed","ping_status":"closed","template":"","meta":[],"_links":{"self":[{"href":"https:\/\/blickdesign-eckmann.de\/index.php?rest_route=\/wp\/v2\/pages\/339"}],"collection":[{"href":"https:\/\/blickdesign-eckmann.de\/index.php?rest_route=\/wp\/v2\/pages"}],"about":[{"href":"https:\/\/blickdesign-eckmann.de\/index.php?rest_route=\/wp\/v2\/types\/page"}],"author":[{"embeddable":true,"href":"https:\/\/blickdesign-eckmann.de\/index.php?rest_route=\/wp\/v2\/users\/1"}],"replies":[{"embeddable":true,"href":"https:\/\/blickdesign-eckmann.de\/index.php?rest_route=%2Fwp%2Fv2%2Fcomments&post=339"}],"version-history":[{"count":43,"href":"https:\/\/blickdesign-eckmann.de\/index.php?rest_route=\/wp\/v2\/pages\/339\/revisions"}],"predecessor-version":[{"id":1109,"href":"https:\/\/blickdesign-eckmann.de\/index.php?rest_route=\/wp\/v2\/pages\/339\/revisions\/1109"}],"wp:attachment":[{"href":"https:\/\/blickdesign-eckmann.de\/index.php?rest_route=%2Fwp%2Fv2%2Fmedia&parent=339"}],"curies":[{"name":"wp","href":"https:\/\/api.w.org\/{rel}","templated":true}]}}